{"id":258,"date":"2025-08-15T12:20:19","date_gmt":"2025-08-15T12:20:19","guid":{"rendered":"https:\/\/wp.didierromagnyphotographies.fr\/?page_id=258"},"modified":"2025-12-27T21:29:45","modified_gmt":"2025-12-27T21:29:45","slug":"bio","status":"publish","type":"page","link":"https:\/\/www.didierromagnyphotographies.fr\/index.php\/bio\/","title":{"rendered":"Bio"},"content":{"rendered":"\n<div class=\"wp-block-group alignfull is-style-section-5 is-layout-flow wp-block-group-is-layout-flow is-style-section-5--1\" style=\"min-height:100vh;margin-top:0;margin-bottom:0;padding-top:var(--wp--preset--spacing--50);padding-right:var(--wp--preset--spacing--50);padding-bottom:var(--wp--preset--spacing--50);padding-left:var(--wp--preset--spacing--50)\">\n<div class=\"wp-block-columns alignfull is-layout-flex wp-container-core-columns-is-layout-47c06fe3 wp-block-columns-is-layout-flex\">\n<div class=\"wp-block-column is-layout-flow wp-block-column-is-layout-flow\">\n<div class=\"wp-block-cover\" style=\"min-height:805px;aspect-ratio:unset;\"><img loading=\"lazy\" decoding=\"async\" width=\"1024\" height=\"683\" class=\"wp-block-cover__image-background wp-image-1115 size-large\" alt=\"\" src=\"https:\/\/www.didierromagnyphotographies.fr\/wp-content\/uploads\/2025\/12\/Larguer-les-amarres-1024x683.jpg\" data-object-fit=\"cover\" srcset=\"https:\/\/www.didierromagnyphotographies.fr\/wp-content\/uploads\/2025\/12\/Larguer-les-amarres-1024x683.jpg 1024w, https:\/\/www.didierromagnyphotographies.fr\/wp-content\/uploads\/2025\/12\/Larguer-les-amarres-300x200.jpg 300w, https:\/\/www.didierromagnyphotographies.fr\/wp-content\/uploads\/2025\/12\/Larguer-les-amarres-150x100.jpg 150w, https:\/\/www.didierromagnyphotographies.fr\/wp-content\/uploads\/2025\/12\/Larguer-les-amarres-768x512.jpg 768w, https:\/\/www.didierromagnyphotographies.fr\/wp-content\/uploads\/2025\/12\/Larguer-les-amarres-1536x1024.jpg 1536w, https:\/\/www.didierromagnyphotographies.fr\/wp-content\/uploads\/2025\/12\/Larguer-les-amarres.jpg 1620w\" sizes=\"auto, (max-width: 1024px) 100vw, 1024px\" \/><span aria-hidden=\"true\" class=\"wp-block-cover__background has-background-dim-0 has-background-dim\" style=\"background-color:#6d6d6d\"><\/span><div class=\"wp-block-cover__inner-container is-layout-flow wp-block-cover-is-layout-flow\">\n<div style=\"height:var(--wp--preset--spacing--20)\" aria-hidden=\"true\" class=\"wp-block-spacer\"><\/div>\n<\/div><\/div>\n<\/div>\n\n\n\n<div class=\"wp-block-column is-layout-flow wp-block-column-is-layout-flow\">\n<div class=\"wp-block-group is-vertical is-content-justification-stretch is-nowrap is-layout-flex wp-container-core-group-is-layout-9a2e2d63 wp-block-group-is-layout-flex\" style=\"min-height:100%\">\n<p class=\"has-text-align-left has-medium-font-size\" style=\"line-height:1.2\">Durant pr\u00e8s de 30 ans, j&rsquo;ai \u00e9crit. Romans publi\u00e9s, romans dans les tiroirs. Ma mati\u00e8re, c&rsquo;\u00e9tait les mots.<\/p>\n\n\n\n<p>2017, une fracture.<\/p>\n\n\n\n<p>L&rsquo;absolu vide durant environ 5 ans.<\/p>\n\n\n\n<p>2022, un t\u00e9l\u00e9phone portable et une premi\u00e8re photo. Puis une deuxi\u00e8me. Ensuite une troisi\u00e8me. Et de plus en plus. Ce d\u00e9sir de saisir l&rsquo;instant.<\/p>\n\n\n\n<p>Loin de la d\u00e9marche d&rsquo;\u00e9criture qui demandait tant de creuser avant que surgisse. Car j&rsquo;\u00e9tais \u00ab\u00a0\u00e0 sec\u00a0\u00bb; je n&rsquo;avais plus \u00ab\u00a0les mots\u00a0\u00bb.<\/p>\n\n\n\n<p>Et l\u00e0, il suffisait d&rsquo;un \u00ab\u00a0clic\u00a0\u00bb et quelque chose se racontait.<\/p>\n\n\n\n<p>Passent les mois et je m&rsquo;ach\u00e8te un appareil photo. Je d\u00e9ambule dans Marseille, le long de la Corniche, et je saisis l&rsquo;instant qui se passe de mots. Un peu au hasard, sans trop savoir.<\/p>\n\n\n\n<p>Mais au fond je sais.<\/p>\n\n\n\n<p>Que l\u00e0 se joue une nouvelle approche de mon rapport au monde.<\/p>\n\n\n\n<p>Des photos, renaissent des mots. Diff\u00e9rents de ce qu&rsquo;ils furent. Ils narrent l&rsquo;instant et n&rsquo;ont plus la \u00ab\u00a0place centrale\u00a0\u00bb. Ils ne sont qu&rsquo;une d\u00e9clinaison du \u00ab\u00a0saisi\u00a0\u00bb.<\/p>\n\n\n\n<p>Car ce qui compte d\u00e9sormais pour moi c&rsquo;est le \u00ab\u00a0ici et maintenant\u00a0\u00bb que propose le \u00ab\u00a0clich\u00e9\u00a0\u00bb.<\/p>\n\n\n\n<p>Car la vie se passe de mots.<\/p>\n\n\n\n<p>Non, c&rsquo;est faux.<\/p>\n\n\n\n<p>Le mot a formes multiples.<\/p>\n\n\n\n<p>Ce site est l\u00e0 pour vous proposer mes mots-photos, mon \u00ab\u00a0parler\u00a0\u00bb d&rsquo;aujourd&rsquo;hui, ma \u00ab\u00a0langue\u00a0\u00bb d&rsquo;aujourd&rsquo;hui. Et dans le \u00ab\u00a0quelque part avant\u00a0\u00bb, les personnages \u00e9crits, regardent, observent. Ils savent que je raconte \u00e0 peu pr\u00e8s la m\u00eame histoire. Sous une autre forme.<\/p>\n\n\n\n<p class=\"has-text-align-left has-x-large-font-size\" style=\"line-height:1.2\">Au banquet final, nous serons tous l\u00e0.<\/p>\n<\/div>\n<\/div>\n<\/div>\n<\/div>\n","protected":false},"excerpt":{"rendered":"<p>Durant pr\u00e8s de 30 ans, j&rsquo;ai \u00e9crit. Romans publi\u00e9s, romans dans les tiroirs. Ma mati\u00e8re, c&rsquo;\u00e9tait les mots. 2017, une fracture. L&rsquo;absolu vide durant environ 5 ans. 2022, un t\u00e9l\u00e9phone portable et une premi\u00e8re photo. Puis une deuxi\u00e8me. Ensuite une troisi\u00e8me. Et de plus en plus. Ce d\u00e9sir de saisir l&rsquo;instant. Loin de la d\u00e9marche [&hellip;]<\/p>\n","protected":false},"author":1,"featured_media":0,"parent":0,"menu_order":0,"comment_status":"open","ping_status":"closed","template":"","meta":{"om_disable_all_campaigns":false,"_monsterinsights_skip_tracking":false,"_monsterinsights_sitenote_active":false,"_monsterinsights_sitenote_note":"","_monsterinsights_sitenote_category":0,"footnotes":""},"class_list":["post-258","page","type-page","status-publish","hentry"],"aioseo_notices":[],"_links":{"self":[{"href":"https:\/\/www.didierromagnyphotographies.fr\/index.php\/wp-json\/wp\/v2\/pages\/258","targetHints":{"allow":["GET"]}}],"collection":[{"href":"https:\/\/www.didierromagnyphotographies.fr\/index.php\/wp-json\/wp\/v2\/pages"}],"about":[{"href":"https:\/\/www.didierromagnyphotographies.fr\/index.php\/wp-json\/wp\/v2\/types\/page"}],"author":[{"embeddable":true,"href":"https:\/\/www.didierromagnyphotographies.fr\/index.php\/wp-json\/wp\/v2\/users\/1"}],"replies":[{"embeddable":true,"href":"https:\/\/www.didierromagnyphotographies.fr\/index.php\/wp-json\/wp\/v2\/comments?post=258"}],"version-history":[{"count":5,"href":"https:\/\/www.didierromagnyphotographies.fr\/index.php\/wp-json\/wp\/v2\/pages\/258\/revisions"}],"predecessor-version":[{"id":1116,"href":"https:\/\/www.didierromagnyphotographies.fr\/index.php\/wp-json\/wp\/v2\/pages\/258\/revisions\/1116"}],"wp:attachment":[{"href":"https:\/\/www.didierromagnyphotographies.fr\/index.php\/wp-json\/wp\/v2\/media?parent=258"}],"curies":[{"name":"wp","href":"https:\/\/api.w.org\/{rel}","templated":true}]}}